{"id":83,"date":"2013-11-30T10:32:01","date_gmt":"2013-11-30T09:32:01","guid":{"rendered":"http:\/\/www.emil-schnell.de\/blog\/?page_id=83"},"modified":"2017-02-20T14:33:56","modified_gmt":"2017-02-20T13:33:56","slug":"2014-2","status":"publish","type":"page","link":"http:\/\/www.emil-schnell.de\/blog\/?page_id=83","title":{"rendered":"2014\/2015\/2016"},"content":{"rendered":"<p><strong><br \/>\n<\/strong><\/p>\n<ul>\n<li><strong>LabVIEW-Realtime-Programm mit MyRIO f\u00fcr die komfortable Beregnungssteuerung&nbsp;mit 24-Volt-Gardena-Ventilen<\/strong>\n<ul>\n<li><strong>WLAN-Anbindung, Web-Browser-Steuerung, Ersatz f\u00fcr unzureichende Gardena-Steuerung<\/strong><\/li>\n<\/ul>\n<\/li>\n<li><strong>LabVIEW-Mess- und Auswertesoftware f\u00fcr die mehrkanalige&nbsp;Effektivwertberechnung von hohen Str\u00f6men<\/strong>\n<ul>\n<li><strong>Realtime-Version und&nbsp;W7 embedded-Version mit NI-cDAQ-9138<\/strong><\/li>\n<li><strong>WLAN-Anbindung, Web-Browser-Anzeige und Steuerung<\/strong><\/li>\n<\/ul>\n<\/li>\n<li><strong>LabVIEW-Pr\u00fcfplatz f\u00fcr die automatische Funktionspr\u00fcfung von pneumatischen Steuerventilen<\/strong><\/li>\n<\/ul>\n","protected":false},"excerpt":{"rendered":"<p>LabVIEW-Realtime-Programm mit MyRIO f\u00fcr die komfortable Beregnungssteuerung&nbsp;mit 24-Volt-Gardena-Ventilen WLAN-Anbindung, Web-Browser-Steuerung, Ersatz f\u00fcr unzureichende Gardena-Steuerung LabVIEW-Mess- und Auswertesoftware f\u00fcr die mehrkanalige&nbsp;Effektivwertberechnung von hohen Str\u00f6men Realtime-Version und&nbsp;W7 embedded-Version mit NI-cDAQ-9138 WLAN-Anbindung, Web-Browser-Anzeige und Steuerung LabVIEW-Pr\u00fcfplatz f\u00fcr die automatische Funktionspr\u00fcfung von pneumatischen Steuerventilen<\/p>\n","protected":false},"author":1,"featured_media":0,"parent":17,"menu_order":4,"comment_status":"closed","ping_status":"closed","template":"","meta":{"ngg_post_thumbnail":0,"footnotes":""},"class_list":["post-83","page","type-page","status-publish","hentry"],"_links":{"self":[{"href":"http:\/\/www.emil-schnell.de\/blog\/index.php?rest_route=\/wp\/v2\/pages\/83","targetHints":{"allow":["GET"]}}],"collection":[{"href":"http:\/\/www.emil-schnell.de\/blog\/index.php?rest_route=\/wp\/v2\/pages"}],"about":[{"href":"http:\/\/www.emil-schnell.de\/blog\/index.php?rest_route=\/wp\/v2\/types\/page"}],"author":[{"embeddable":true,"href":"http:\/\/www.emil-schnell.de\/blog\/index.php?rest_route=\/wp\/v2\/users\/1"}],"replies":[{"embeddable":true,"href":"http:\/\/www.emil-schnell.de\/blog\/index.php?rest_route=%2Fwp%2Fv2%2Fcomments&post=83"}],"version-history":[{"count":1,"href":"http:\/\/www.emil-schnell.de\/blog\/index.php?rest_route=\/wp\/v2\/pages\/83\/revisions"}],"predecessor-version":[{"id":126,"href":"http:\/\/www.emil-schnell.de\/blog\/index.php?rest_route=\/wp\/v2\/pages\/83\/revisions\/126"}],"up":[{"embeddable":true,"href":"http:\/\/www.emil-schnell.de\/blog\/index.php?rest_route=\/wp\/v2\/pages\/17"}],"wp:attachment":[{"href":"http:\/\/www.emil-schnell.de\/blog\/index.php?rest_route=%2Fwp%2Fv2%2Fmedia&parent=83"}],"curies":[{"name":"wp","href":"https:\/\/api.w.org\/{rel}","templated":true}]}}