{"id":43,"date":"2011-07-14T16:33:49","date_gmt":"2011-07-14T15:33:49","guid":{"rendered":"http:\/\/www.emil-schnell.de\/blog\/?page_id=43"},"modified":"2017-02-20T14:24:41","modified_gmt":"2017-02-20T13:24:41","slug":"2011-2","status":"publish","type":"page","link":"http:\/\/www.emil-schnell.de\/blog\/?page_id=43","title":{"rendered":"2011\/2012\/2013"},"content":{"rendered":"<ul>\n<li><strong>Software- und Hardware- Entwicklung (LabVIEW, Realtime, FPGA) f\u00fcr einen 4-kanaligen Mikro-Brennstoffzellen-Dauer-Messplatz <\/strong><\/li>\n<\/ul>\n<ul>\n<li><strong>Softwareentwicklung f\u00fcr eine teilautomatisierte Durchf\u00fchrung von S-Bahn-Bremsenpr\u00fcfungen<\/strong><\/li>\n<\/ul>\n<ul>\n<li><strong>Software- und Hardware- Entwicklung (LabVIEW, Realtime, FPGA) f\u00fcr einen 8-kanaligen Brennstoffzellen-Gas-Entwicklungs-Zellen-Dauer-Messplatz <\/strong><\/li>\n<\/ul>\n<ul>\n<li><strong>LabVIEW-Steuerprogramm f\u00fcr Stromquellen zur Sensorproduktion<\/strong><\/li>\n<\/ul>\n<ul>\n<li><strong>LabVIEW-Programm zur parallelen mehrkanaligen Erfassung von Photonen-Z\u00e4hlwerten<\/strong><\/li>\n<\/ul>\n<ul>\n<li><strong>LabVIEW-Steuerprogramm (FPGA) f\u00fcr Femtosekunden-Laser <\/strong><\/li>\n<\/ul>\n","protected":false},"excerpt":{"rendered":"<p>Software- und Hardware- Entwicklung (LabVIEW, Realtime, FPGA) f\u00fcr einen 4-kanaligen Mikro-Brennstoffzellen-Dauer-Messplatz Softwareentwicklung f\u00fcr eine teilautomatisierte Durchf\u00fchrung von S-Bahn-Bremsenpr\u00fcfungen Software- und Hardware- Entwicklung (LabVIEW, Realtime, FPGA) f\u00fcr einen 8-kanaligen Brennstoffzellen-Gas-Entwicklungs-Zellen-Dauer-Messplatz LabVIEW-Steuerprogramm f\u00fcr Stromquellen zur Sensorproduktion LabVIEW-Programm zur parallelen mehrkanaligen Erfassung von Photonen-Z\u00e4hlwerten LabVIEW-Steuerprogramm (FPGA) f\u00fcr Femtosekunden-Laser<\/p>\n","protected":false},"author":1,"featured_media":0,"parent":17,"menu_order":6,"comment_status":"closed","ping_status":"closed","template":"","meta":{"ngg_post_thumbnail":0,"footnotes":""},"class_list":["post-43","page","type-page","status-publish","hentry"],"_links":{"self":[{"href":"http:\/\/www.emil-schnell.de\/blog\/index.php?rest_route=\/wp\/v2\/pages\/43","targetHints":{"allow":["GET"]}}],"collection":[{"href":"http:\/\/www.emil-schnell.de\/blog\/index.php?rest_route=\/wp\/v2\/pages"}],"about":[{"href":"http:\/\/www.emil-schnell.de\/blog\/index.php?rest_route=\/wp\/v2\/types\/page"}],"author":[{"embeddable":true,"href":"http:\/\/www.emil-schnell.de\/blog\/index.php?rest_route=\/wp\/v2\/users\/1"}],"replies":[{"embeddable":true,"href":"http:\/\/www.emil-schnell.de\/blog\/index.php?rest_route=%2Fwp%2Fv2%2Fcomments&post=43"}],"version-history":[{"count":1,"href":"http:\/\/www.emil-schnell.de\/blog\/index.php?rest_route=\/wp\/v2\/pages\/43\/revisions"}],"predecessor-version":[{"id":125,"href":"http:\/\/www.emil-schnell.de\/blog\/index.php?rest_route=\/wp\/v2\/pages\/43\/revisions\/125"}],"up":[{"embeddable":true,"href":"http:\/\/www.emil-schnell.de\/blog\/index.php?rest_route=\/wp\/v2\/pages\/17"}],"wp:attachment":[{"href":"http:\/\/www.emil-schnell.de\/blog\/index.php?rest_route=%2Fwp%2Fv2%2Fmedia&parent=43"}],"curies":[{"name":"wp","href":"https:\/\/api.w.org\/{rel}","templated":true}]}}