{"id":41,"date":"2010-04-19T14:10:24","date_gmt":"2010-04-19T13:10:24","guid":{"rendered":"http:\/\/www.emil-schnell.de\/blog\/?page_id=41"},"modified":"2017-02-20T14:33:26","modified_gmt":"2017-02-20T13:33:26","slug":"projekte-2010","status":"publish","type":"page","link":"http:\/\/www.emil-schnell.de\/blog\/?page_id=41","title":{"rendered":"2010"},"content":{"rendered":"<ul>\n<li><strong>Software- und Hardware- Entwicklung f\u00fcr ein Terahertz- Scannersystem<\/strong><\/li>\n<li><strong>Software- und Hardware- Entwicklung f\u00fcr einen Pr\u00fcfstand f\u00fcr Elektroantriebe (PRELA)<\/strong><\/li>\n<\/ul>\n<p align=\"center\"><strong>ngg_shortcode_0_placeholder<\/strong><\/p>\n","protected":false},"excerpt":{"rendered":"<p>Software- und Hardware- Entwicklung f\u00fcr ein Terahertz- Scannersystem Software- und Hardware- Entwicklung f\u00fcr einen Pr\u00fcfstand f\u00fcr Elektroantriebe (PRELA)<\/p>\n","protected":false},"author":1,"featured_media":0,"parent":17,"menu_order":8,"comment_status":"closed","ping_status":"closed","template":"","meta":{"ngg_post_thumbnail":0,"footnotes":""},"class_list":["post-41","page","type-page","status-publish","hentry"],"_links":{"self":[{"href":"http:\/\/www.emil-schnell.de\/blog\/index.php?rest_route=\/wp\/v2\/pages\/41","targetHints":{"allow":["GET"]}}],"collection":[{"href":"http:\/\/www.emil-schnell.de\/blog\/index.php?rest_route=\/wp\/v2\/pages"}],"about":[{"href":"http:\/\/www.emil-schnell.de\/blog\/index.php?rest_route=\/wp\/v2\/types\/page"}],"author":[{"embeddable":true,"href":"http:\/\/www.emil-schnell.de\/blog\/index.php?rest_route=\/wp\/v2\/users\/1"}],"replies":[{"embeddable":true,"href":"http:\/\/www.emil-schnell.de\/blog\/index.php?rest_route=%2Fwp%2Fv2%2Fcomments&post=41"}],"version-history":[{"count":1,"href":"http:\/\/www.emil-schnell.de\/blog\/index.php?rest_route=\/wp\/v2\/pages\/41\/revisions"}],"predecessor-version":[{"id":124,"href":"http:\/\/www.emil-schnell.de\/blog\/index.php?rest_route=\/wp\/v2\/pages\/41\/revisions\/124"}],"up":[{"embeddable":true,"href":"http:\/\/www.emil-schnell.de\/blog\/index.php?rest_route=\/wp\/v2\/pages\/17"}],"wp:attachment":[{"href":"http:\/\/www.emil-schnell.de\/blog\/index.php?rest_route=%2Fwp%2Fv2%2Fmedia&parent=41"}],"curies":[{"name":"wp","href":"https:\/\/api.w.org\/{rel}","templated":true}]}}