{"id":27,"date":"2008-03-19T18:56:06","date_gmt":"2008-03-19T17:56:06","guid":{"rendered":"http:\/\/www.emil-schnell.de\/blog\/?page_id=27"},"modified":"2011-08-21T18:38:41","modified_gmt":"2011-08-21T17:38:41","slug":"27","status":"publish","type":"page","link":"http:\/\/www.emil-schnell.de\/blog\/?page_id=27","title":{"rendered":"DMFC-Messplatz"},"content":{"rendered":"<p>Der realisierte Aufbau eines komplexen DMFC- Messplatzes (Methanol-Brennstoffzellen-Messplatz) zeigt folgendes Bild:<\/p>\n<p align=\"center\">&nbsp;<\/p>\n<p align=\"center\">ngg_shortcode_0_placeholder<\/p>\n<p align=\"left\">Die zugeh\u00f6rige pneumatische Spannvorrichtung mit Kraftmessung zeigt das n\u00e4chste Bild:<\/p>\n<p align=\"center\">&nbsp;<\/p>\n<p align=\"center\">ngg_shortcode_1_placeholder<\/p>\n<p align=\"left\">Hier sind drei Frontpanel-Ansichten:<\/p>\n<p align=\"center\">&nbsp;<\/p>\n<p align=\"center\">ngg_shortcode_2_placeholder<\/p>\n<p align=\"center\">Eingaben<\/p>\n<p align=\"center\">&nbsp;<\/p>\n<p align=\"center\">ngg_shortcode_3_placeholder<\/p>\n<p align=\"center\">System\u00fcbersicht<\/p>\n<p align=\"center\">&nbsp;<\/p>\n<p align=\"center\">ngg_shortcode_4_placeholder<\/p>\n<p align=\"center\">Ger\u00e4tetest<\/p>\n","protected":false},"excerpt":{"rendered":"<p>Der realisierte Aufbau eines komplexen DMFC- Messplatzes (Methanol-Brennstoffzellen-Messplatz) zeigt folgendes Bild: &nbsp; Die zugeh\u00f6rige pneumatische Spannvorrichtung mit Kraftmessung zeigt das n\u00e4chste Bild: &nbsp; Hier sind drei Frontpanel-Ansichten: &nbsp; Eingaben &nbsp; System\u00fcbersicht &nbsp; Ger\u00e4tetest<\/p>\n","protected":false},"author":1,"featured_media":0,"parent":14,"menu_order":0,"comment_status":"closed","ping_status":"closed","template":"","meta":{"ngg_post_thumbnail":0,"footnotes":""},"class_list":["post-27","page","type-page","status-publish","hentry"],"_links":{"self":[{"href":"http:\/\/www.emil-schnell.de\/blog\/index.php?rest_route=\/wp\/v2\/pages\/27","targetHints":{"allow":["GET"]}}],"collection":[{"href":"http:\/\/www.emil-schnell.de\/blog\/index.php?rest_route=\/wp\/v2\/pages"}],"about":[{"href":"http:\/\/www.emil-schnell.de\/blog\/index.php?rest_route=\/wp\/v2\/types\/page"}],"author":[{"embeddable":true,"href":"http:\/\/www.emil-schnell.de\/blog\/index.php?rest_route=\/wp\/v2\/users\/1"}],"replies":[{"embeddable":true,"href":"http:\/\/www.emil-schnell.de\/blog\/index.php?rest_route=%2Fwp%2Fv2%2Fcomments&post=27"}],"version-history":[{"count":0,"href":"http:\/\/www.emil-schnell.de\/blog\/index.php?rest_route=\/wp\/v2\/pages\/27\/revisions"}],"up":[{"embeddable":true,"href":"http:\/\/www.emil-schnell.de\/blog\/index.php?rest_route=\/wp\/v2\/pages\/14"}],"wp:attachment":[{"href":"http:\/\/www.emil-schnell.de\/blog\/index.php?rest_route=%2Fwp%2Fv2%2Fmedia&parent=27"}],"curies":[{"name":"wp","href":"https:\/\/api.w.org\/{rel}","templated":true}]}}