{"id":26,"date":"2008-03-19T18:55:24","date_gmt":"2008-03-19T17:55:24","guid":{"rendered":"http:\/\/www.emil-schnell.de\/blog\/?page_id=26"},"modified":"2011-08-21T18:33:51","modified_gmt":"2011-08-21T17:33:51","slug":"26","status":"publish","type":"page","link":"http:\/\/www.emil-schnell.de\/blog\/?page_id=26","title":{"rendered":"Pr\u00fcfmaschinen EU-100&#8230;"},"content":{"rendered":"<p><strong><font face=\"Arial\" size=\"3\">Pr\u00fcfmaschinen-Automatisierung f\u00fcr die Maschinen EU_100, ZD-10\/90 und FP-10<\/font><\/strong><\/p>\n<p><font face=\"Arial\" size=\"3\">Kurzbeschreibung Pr\u00fcfmaschinen-Software<br \/>\n<\/font><\/p>\n<p><font face=\"Arial\" size=\"2\">Die vorliegende Software dient der Erfassung, Auswertung und Speicherung von Messwerten bei Zuguntersuchungen mit den Pr\u00fcfmaschinen EU-100, ZD-10\/90 und FP-10. Erfasst werden bei jeder Messung Zeit, Kraft, Feindehnung (Weg-Extensiometer), Dehnung (Weg-Kolben) und Temperatur mit einer Frequenz von 10 Hz. Die erfassten Daten werden in Echtzeit grafisch angezeigt. Es kann dabei zwischen einer Kraft-Weg-Kurve und einer Kraft,Weg \u2013 Zeit-Darstellung dynamisch ausgew\u00e4hlt werden. \u00dcberschreitungen von eingestellten Grenzwerten f\u00fcr Kraft, Weg und Temperatur werden signalisiert, ignoriert oder k\u00f6nnen zum Abbruch der Messung genutzt werden.<br \/>\n<\/font><\/p>\n<p align=\"center\">&nbsp;<\/p>\n<p align=\"center\"><font face=\"Arial\">ngg_shortcode_0_placeholder<\/font><\/p>\n<p><font face=\"Arial,Helvetica,Geneva,Swiss,SunSans-Regular\" size=\"2\">Die eingestellten Parameter der Messung werden ebenfalls, in einem gesonderten Ordner, f\u00fcr jede Messung abgelegt. Nach jeder Messung wird zus\u00e4tzlich zu den Messwerten im txt-Format (Excel-Format) eine Bin\u00e4r-Datei mit den Messwerten und den Parametern in einem Sicherungsordner gespeichert. Diese ist nicht ver\u00e4nderbar und kann zum Wiederherstellen der Messwerte-Datei (im Excel-Format) und der Parameterdatei (im Bin\u00e4r-Format) verwendet werden.<br \/>\n<\/font><\/p>\n<p><font face=\"Arial,Helvetica,Geneva,Swiss,SunSans-Regular\" size=\"2\">Erl\u00e4uterungen zu den Dateien im Ordner \u201eMesswerte\u201c:<br \/>\n<\/font><\/p>\n<p><font face=\"Arial,Helvetica,Geneva,Swiss,SunSans-Regular\" size=\"2\">Bei jeder Messung wird im Ordner \u201eMesswerte\u201c ein neuer Unterordner angelegt und die \u201eDateien Name.txt\u201c und \u201eName_Parameter.dat\u201c erzeugt. Alle weiteren Dateien werden erst durch die Auswertung erzeugt! Nach einer Auswertung sollte unbedingt ein HTML-Protokoll ausgegeben werden. Dadurch erh\u00e4lt man ein vollst\u00e4ndiges lesbares und druckbares Protokoll und alle Grafiken werden erstellt.<br \/>\n<\/font><\/p>\n<p><font face=\"Arial,Helvetica,Geneva,Swiss,SunSans-Regular\" size=\"2\">Zum schnellen Sichten der Messkurven ist ein Data-VIEWER integriert. Die Auswertung der Messwerte erfolgt auf Grafikebene halbautomatisch oder von Hand. Die gew\u00e4hlten Auswerteparameter werden gespeichert und k\u00f6nnen bei Bedarf wieder geladen werden.<br \/>\n<\/font><\/p>\n<p align=\"center\">&nbsp;<\/p>\n<p align=\"center\"><font face=\"Arial\">ngg_shortcode_1_placeholder<\/font><\/p>\n<p><font face=\"Arial,Helvetica,Geneva,Swiss,SunSans-Regular\" size=\"2\"><strong>Folgende Kurven werden dargestellt:<br \/>\n&#8211;<\/strong><\/font><font face=\"Arial,Helvetica,Geneva,Swiss,SunSans-Regular\" size=\"2\">Spannungs-Dehnungskurve<br \/>\n-Hooksche Gerade<br \/>\n-0,2%-Hilfsgerade<br \/>\n-Zugfestigkeit<br \/>\n-Dehngrenze Rp 0,2%<br \/>\n-Gesamtdehnung<br \/>\n-Bruchdehung A<br \/>\n-Obere Streckgrenze ReH<br \/>\n-Untere Streckgrenze ReL<br \/>\n-Gesamte Dehnung bei H\u00f6chstlast<br \/>\n-Gleichma\u00dfdehnung<\/font><\/p>\n<p><font face=\"Arial,Helvetica,Geneva,Swiss,SunSans-Regular\" size=\"2\"><strong>Folgende Kennwerte werden bestimmt:<br \/>\n<\/strong>&#8211;<\/font><font face=\"Arial,Helvetica,Geneva,Swiss,SunSans-Regular\" size=\"2\">E-Modul<br \/>\n-Zugfestigkeit Rm<br \/>\n-Dehngrenze Rp 0,2%<br \/>\n-Gesamtdehnung<br \/>\n-Bruchdehnung A<br \/>\n-Obere Streckgrenze ReH<br \/>\n-Untere Streckgrenze ReL<br \/>\n-Gesamte Dehnung bei H\u00f6chstlast<br \/>\n-Gleichma\u00dfdehnung<br \/>\n-Kraft bei Bruch<br \/>\n-L\u00e4ngen\u00e4nderung bei Bruch<br \/>\n-Brucheinschn\u00fcrung<br \/>\n<\/font><\/p>\n<p><font face=\"Arial,Helvetica,Geneva,Swiss,SunSans-Regular\" size=\"2\"><strong>F\u00fcr die Protokollierung k\u00f6nnen folgende Auswahlen getroffen werden:<br \/>\n<\/strong>-Protokolltitel<br \/>\n-Auftraggeber<br \/>\n-Operator-Name<br \/>\n-Bemerkungen zur Auswertung<br \/>\n-Protokolltyp<br \/>\n-Grafik<br \/>\n-Probenmaterial<br \/>\n-Probenlage<br \/>\n-Pr\u00fcfparameter<br \/>\n-Kennwerte<br \/>\n<\/font><\/p>\n<p><font face=\"Arial,Helvetica,Geneva,Swiss,SunSans-Regular\" size=\"2\">Das Protokoll kann entweder gedruckt werden oder als HTML-Datei gespeichert werden.<br \/>\n<\/font><\/p>\n<p><font face=\"Arial,Helvetica,Geneva,Swiss,SunSans-Regular\" size=\"2\">Bei Verwendung eines MS-Word-Templates kann ein individuelles Word-Protokoll von jeder Messung, bzw. von mehreren Messungen zusammengefasst, ausgegeben werden.<br \/>\n<\/font><\/p>\n<p><font face=\"Arial,Helvetica,Geneva,Swiss,SunSans-Regular\" size=\"2\">Die Kalibrierung ist Passwort-gesch\u00fctzt und erm\u00f6glicht f\u00fcr jede Maschine und jeden Kraftmessbereich die Eingabe beliebig vieler Kalibrierpunkte. Ein HTML-Protokoll der Kalibrierung wird automatisch nach jeder Kalibrierung erzeugt.<\/font><\/p>\n","protected":false},"excerpt":{"rendered":"<p>Pr\u00fcfmaschinen-Automatisierung f\u00fcr die Maschinen EU_100, ZD-10\/90 und FP-10 Kurzbeschreibung Pr\u00fcfmaschinen-Software Die vorliegende Software dient der Erfassung, Auswertung und Speicherung von Messwerten bei Zuguntersuchungen mit den Pr\u00fcfmaschinen EU-100, ZD-10\/90 und FP-10. Erfasst werden bei jeder Messung Zeit, Kraft, Feindehnung (Weg-Extensiometer), Dehnung (Weg-Kolben) und Temperatur mit einer Frequenz von 10 Hz. Die erfassten Daten werden in Echtzeit [&hellip;]<\/p>\n","protected":false},"author":1,"featured_media":0,"parent":14,"menu_order":0,"comment_status":"closed","ping_status":"closed","template":"","meta":{"ngg_post_thumbnail":0,"footnotes":""},"class_list":["post-26","page","type-page","status-publish","hentry"],"_links":{"self":[{"href":"http:\/\/www.emil-schnell.de\/blog\/index.php?rest_route=\/wp\/v2\/pages\/26","targetHints":{"allow":["GET"]}}],"collection":[{"href":"http:\/\/www.emil-schnell.de\/blog\/index.php?rest_route=\/wp\/v2\/pages"}],"about":[{"href":"http:\/\/www.emil-schnell.de\/blog\/index.php?rest_route=\/wp\/v2\/types\/page"}],"author":[{"embeddable":true,"href":"http:\/\/www.emil-schnell.de\/blog\/index.php?rest_route=\/wp\/v2\/users\/1"}],"replies":[{"embeddable":true,"href":"http:\/\/www.emil-schnell.de\/blog\/index.php?rest_route=%2Fwp%2Fv2%2Fcomments&post=26"}],"version-history":[{"count":0,"href":"http:\/\/www.emil-schnell.de\/blog\/index.php?rest_route=\/wp\/v2\/pages\/26\/revisions"}],"up":[{"embeddable":true,"href":"http:\/\/www.emil-schnell.de\/blog\/index.php?rest_route=\/wp\/v2\/pages\/14"}],"wp:attachment":[{"href":"http:\/\/www.emil-schnell.de\/blog\/index.php?rest_route=%2Fwp%2Fv2%2Fmedia&parent=26"}],"curies":[{"name":"wp","href":"https:\/\/api.w.org\/{rel}","templated":true}]}}