{"id":25,"date":"2008-03-19T18:54:41","date_gmt":"2008-03-19T17:54:41","guid":{"rendered":"http:\/\/www.emil-schnell.de\/blog\/?page_id=25"},"modified":"2011-08-21T18:30:57","modified_gmt":"2011-08-21T17:30:57","slug":"25","status":"publish","type":"page","link":"http:\/\/www.emil-schnell.de\/blog\/?page_id=25","title":{"rendered":"LabVIEW KOSY-Toolkit"},"content":{"rendered":"<p><font color=\"#000000\" size=\"2\">Das LabVIEW Toolkit 1.0 wurde entwickelt, um das <a href=\"http:\/\/www.max-computer.de\/x5d\/index.html\" target=\"_blank\">Koordinatentischsystem KOSY2 <\/a>aus LabVIEW 7.0 heraus anzusteuern. F\u00fcr den Einsatz von KOSY2 als Nicht-CNC-Maschine, also als universelles Ger\u00e4t zum Positionieren, Messen, Dr\u00fccken, Transportieren etc. im Labor oder in der Produktion, ist es erforderlich, die Mikrocontroller-Steuerung von KOSY2 \u00fcber die serielle Schnittstelle RS-232 so anzusprechen, dass innerhalb eines individuellen Mess-Programmes jede Funktion von KOSY2 verf\u00fcgbar ist.<\/font><\/p>\n<p><font color=\"#000000\" size=\"2\">Die Mess- und Automatisierungssoftware LabVIEW und die leistungsf\u00e4higen Hardware-Komponenten von National Instruments sind besonders gut geeignet, um zusammen mit dem Schrittmotorsystem KOSY2 eine schnelle und kosteng\u00fcnstige L\u00f6sung f\u00fcr eine Vielzahl von Anwendungen zu erstellen. Dabei \u00fcberzeugen die KOSY2-Systeme durch Genauigkeit und ein sehr gutes Preis-Leistungs-Verh\u00e4ltnis.<\/font><\/p>\n<p><font color=\"#000000\" size=\"2\">Die Treiber-Software ist in verschiedene Gruppen unterteilt:<\/font><font color=\"#000000\" size=\"2\"><br \/>\n<\/font><\/p>\n<address>1. Einstellungs-SubVI\u00b4s (Unterprogramme &#8211; Sub Virtuelle Instrumente<br \/>\n2. Kontroll-SubVI\u00b4s<br \/>\n3. Schritt-SubVI\u00b4s<br \/>\n4. Relais- und LED-SubVI\u00b4s<br \/>\n5. Informations-SubVI\u00b4s<br \/>\n6. Hilfs-SubVI\u00b4s.<\/address>\n<p>Einige grundlegende Beispiele sind beigef\u00fcgt, um zu demonstrieren, wie die SubVI\u00b4s verwendet werden k\u00f6nnen. Die Bildschirmaufl\u00f6sung daf\u00fcr betr\u00e4gt 1024&#215;768 Pixel. Die folgende Abbildung zeigt als VI-Tree eine \u00dcbersicht zu allen Treiber-SubVI\u00b4s und Beispielen. Sie k\u00f6nnen nat\u00fcrlich aus diesen SubVI\u00b4s beliebige weitere leistungsf\u00e4hige Unterprogramme f\u00fcr Ihre Anwendung zusammenbauen.<\/p>\n<p align=\"center\">ngg_shortcode_0_placeholder<\/p>\n<p><font color=\"#000000\" size=\"2\">Eine genaue Beschreibung der SubVI\u00b4s mit der Anschlussbelegung finden Sie in der Dokumentation als HTML-Dokument und als PDF.<\/font><\/p>\n<p><font color=\"#000000\" size=\"2\">Die Installation des KOSY2-LabVIEW-Tookit 1.0 ist zu Beginn der Dokumentation beschrieben. Sie m\u00fcssen lediglich das Gesamtverzeichnis KOSY2 und die Datei dir.mnu in das LabVIEW-Verzeichnis user.lib kopieren und LabVIEW neu starten.<\/font><\/p>\n<p><font color=\"#000000\" size=\"3\">Systemvoraussetzungen:<br \/>\n<\/font><\/p>\n<ul>\n<li><font color=\"#000000\" size=\"2\">Es wird empfohlen, Windows 2000 oder Windows XP (Home oder Professional) zu verwenden. Mit diesen Betriebssystemen sind die Treiber-VIs getestet.<br \/>\n<\/font><\/li>\n<li><font color=\"#000000\" size=\"2\">Die Treiber arbeiten mit den LabVIEW-Versionen LabVIEW 7.0 <font color=\"#000000\">bis LabVIEW 8.5.<br \/>\n<\/font><\/font><\/li>\n<\/ul>\n<address><font color=\"#000000\"><font size=\"2\"><font face=\"Arial,Helvetica,Geneva,Swiss,SunSans-Regular\" size=\"3\"><em>Anwendungsgebiete:<\/em><\/font><\/font> <\/font><\/address>\n<address><\/address>\n<address><\/address>\n<address><\/address>\n<address><font color=\"#000000\">Einsatz von KOSY2 als Nicht-CNC-Maschine, also als universelles Ger\u00e4t zum Positionieren, Messen, Dr\u00fccken, Transportieren etc. im Labor oder in der Produktion.<\/font><\/address>\n<address><font color=\"#000000\"><font size=\"2\"><font face=\"Arial,Helvetica,Geneva,Swiss,SunSans-Regular\" size=\"-1\"><em>Beispielprogramm zur Anwendung der VI\u00b4s<\/em><\/font><\/font><\/font><\/address>\n<address><\/address>\n<address><\/address>\n<p align=\"center\"><font size=\"2\">ngg_shortcode_1_placeholder<\/font><\/p>\n<p align=\"left\"><font size=\"2\">Inzwischen gibt es ein KOSY3-LabVIEW-Toolkit 1.0 f\u00fcr die n\u00e4chste Generation von Koordinatentischsystemen von der <a href=\"http:\/\/www.max-computer.de\/x5d\/index.html\" target=\"_blank\">MAX Computer GmbH<\/a>.<\/font><\/p>\n","protected":false},"excerpt":{"rendered":"<p>Das LabVIEW Toolkit 1.0 wurde entwickelt, um das Koordinatentischsystem KOSY2 aus LabVIEW 7.0 heraus anzusteuern. F\u00fcr den Einsatz von KOSY2 als Nicht-CNC-Maschine, also als universelles Ger\u00e4t zum Positionieren, Messen, Dr\u00fccken, Transportieren etc. im Labor oder in der Produktion, ist es erforderlich, die Mikrocontroller-Steuerung von KOSY2 \u00fcber die serielle Schnittstelle RS-232 so anzusprechen, dass innerhalb eines [&hellip;]<\/p>\n","protected":false},"author":1,"featured_media":0,"parent":14,"menu_order":0,"comment_status":"closed","ping_status":"closed","template":"","meta":{"ngg_post_thumbnail":0,"footnotes":""},"class_list":["post-25","page","type-page","status-publish","hentry"],"_links":{"self":[{"href":"http:\/\/www.emil-schnell.de\/blog\/index.php?rest_route=\/wp\/v2\/pages\/25","targetHints":{"allow":["GET"]}}],"collection":[{"href":"http:\/\/www.emil-schnell.de\/blog\/index.php?rest_route=\/wp\/v2\/pages"}],"about":[{"href":"http:\/\/www.emil-schnell.de\/blog\/index.php?rest_route=\/wp\/v2\/types\/page"}],"author":[{"embeddable":true,"href":"http:\/\/www.emil-schnell.de\/blog\/index.php?rest_route=\/wp\/v2\/users\/1"}],"replies":[{"embeddable":true,"href":"http:\/\/www.emil-schnell.de\/blog\/index.php?rest_route=%2Fwp%2Fv2%2Fcomments&post=25"}],"version-history":[{"count":0,"href":"http:\/\/www.emil-schnell.de\/blog\/index.php?rest_route=\/wp\/v2\/pages\/25\/revisions"}],"up":[{"embeddable":true,"href":"http:\/\/www.emil-schnell.de\/blog\/index.php?rest_route=\/wp\/v2\/pages\/14"}],"wp:attachment":[{"href":"http:\/\/www.emil-schnell.de\/blog\/index.php?rest_route=%2Fwp%2Fv2%2Fmedia&parent=25"}],"curies":[{"name":"wp","href":"https:\/\/api.w.org\/{rel}","templated":true}]}}