{"id":22,"date":"2008-03-19T17:49:45","date_gmt":"2008-03-19T16:49:45","guid":{"rendered":"http:\/\/www.emil-schnell.de\/blog\/?page_id=22"},"modified":"2011-08-21T14:33:27","modified_gmt":"2011-08-21T13:33:27","slug":"full-1","status":"publish","type":"page","link":"http:\/\/www.emil-schnell.de\/blog\/?page_id=22","title":{"rendered":"Automatisierung &#038; Messtechnik"},"content":{"rendered":"<h2 align=\"center\"><font color=\"#f91e05\">&#8211; AutoMessTec &#8211; <\/font><font color=\"#f91e05\">Ihr Partner f\u00fcr <\/font><\/h2>\n<h2 align=\"center\"><font color=\"#f91e05\">Automatisierung und Messtechnik<\/font><\/h2>\n<h4>Sie haben ein messtechnisches Problem im Labor, bei der Produktion oder im Testfeld, wollen Messwerte erfassen, auswerten, speichern und dokumentieren?<\/h4>\n<h4>Sie wollen einen Teilprozess automatisieren oder die Qualit\u00e4tssicherheit Ihrer Produktion den Erfordernissen anpassen?<\/h4>\n<h4>Sie kennen Ihr Potenzial zur Erh\u00f6hung Ihrer Produktivit\u00e4t mittels Automatisierung noch nicht genau?<\/h4>\n<h4>Bei konkreten Anfragen kommen wir gern zu Ihnen, beraten Sie unentgeltlich und bieten Ihnen L\u00f6sungen f\u00fcr Ihre Problemstellungen an.<\/h4>\n<h4>Wir freuen uns auf neue und interessante, kleine oder gro\u00dfe Aufgabenstellungen und erstellen Ihnen gern ein Angebot.<\/h4>\n<h4>Meist ist eine Gro\u00dfinvestition in eine neue Pr\u00fcfmaschine, einen optischen Me\u00dfplatz zur Qualit\u00e4tskontrolle oder eine universelle Steuerung f\u00fcr Ihre Prozesse und Messaufgaben nicht n\u00f6tig, um die Produktivit\u00e4t oder die Qualit\u00e4t ihrer Produkte deutlich zu steigern.<\/h4>\n<h4>Oft ist eine Modernisierung und Automatisierung mit individuell zugeschnittener Soft- und Hardware wesentlich g\u00fcnstiger und effektiver.<\/h4>\n<h4>Notwendige mechanische, elektrische oder elektronische Anpassungen werden von Kooperationspartnern vorgenommen. Nat\u00fcrlich k\u00f6nnen Sie auch Ihre eigenen Kapazit\u00e4ten, z.B. im Bereich der mechanischen Komponenten, in die Arbeiten mit integrieren.<\/h4>\n<h4>Die M\u00f6glichkeiten f\u00fcr sinnvolle Automatisierungsl\u00f6sungen sind unersch\u00f6pflich, mit Sicherheit auch bei Ihnen!<\/h4>\n","protected":false},"excerpt":{"rendered":"<p>&#8211; AutoMessTec &#8211; Ihr Partner f\u00fcr Automatisierung und Messtechnik Sie haben ein messtechnisches Problem im Labor, bei der Produktion oder im Testfeld, wollen Messwerte erfassen, auswerten, speichern und dokumentieren? Sie wollen einen Teilprozess automatisieren oder die Qualit\u00e4tssicherheit Ihrer Produktion den Erfordernissen anpassen? Sie kennen Ihr Potenzial zur Erh\u00f6hung Ihrer Produktivit\u00e4t mittels Automatisierung noch nicht genau? [&hellip;]<\/p>\n","protected":false},"author":1,"featured_media":0,"parent":0,"menu_order":18,"comment_status":"closed","ping_status":"closed","template":"","meta":{"ngg_post_thumbnail":0,"footnotes":""},"class_list":["post-22","page","type-page","status-publish","hentry"],"_links":{"self":[{"href":"http:\/\/www.emil-schnell.de\/blog\/index.php?rest_route=\/wp\/v2\/pages\/22","targetHints":{"allow":["GET"]}}],"collection":[{"href":"http:\/\/www.emil-schnell.de\/blog\/index.php?rest_route=\/wp\/v2\/pages"}],"about":[{"href":"http:\/\/www.emil-schnell.de\/blog\/index.php?rest_route=\/wp\/v2\/types\/page"}],"author":[{"embeddable":true,"href":"http:\/\/www.emil-schnell.de\/blog\/index.php?rest_route=\/wp\/v2\/users\/1"}],"replies":[{"embeddable":true,"href":"http:\/\/www.emil-schnell.de\/blog\/index.php?rest_route=%2Fwp%2Fv2%2Fcomments&post=22"}],"version-history":[{"count":0,"href":"http:\/\/www.emil-schnell.de\/blog\/index.php?rest_route=\/wp\/v2\/pages\/22\/revisions"}],"wp:attachment":[{"href":"http:\/\/www.emil-schnell.de\/blog\/index.php?rest_route=%2Fwp%2Fv2%2Fmedia&parent=22"}],"curies":[{"name":"wp","href":"https:\/\/api.w.org\/{rel}","templated":true}]}}