{"id":193,"date":"2021-02-01T13:49:16","date_gmt":"2021-02-01T12:49:16","guid":{"rendered":"http:\/\/www.emil-schnell.de\/blog\/?page_id=193"},"modified":"2023-01-19T12:21:14","modified_gmt":"2023-01-19T11:21:14","slug":"2020-2021-2022","status":"publish","type":"page","link":"http:\/\/www.emil-schnell.de\/blog\/?page_id=193","title":{"rendered":"2020\/2021\/2022"},"content":{"rendered":"\n<ul class=\"wp-block-list\"><li><strong>LabVIEW-Software zur Erneuerung von Pr\u00fcfpl\u00e4tzen zur Messung des Atemwiderstandes.<\/strong><\/li><li><strong>LabVIEW-Software zur Erneuerung eines Pr\u00fcfplatzes zur Messung der Leistungsdaten von Filter-Selbst-Rettern.<\/strong><\/li><li><strong>LabVIEW-Software zur Erneuerung eines Pr\u00fcfplatzes zur Messung der Gassignale von Sensoren.<\/strong><\/li><li><strong>LabVIEW-Software zur Erneuerung eines Pr\u00fcfplatzes zur Messung der Leistungsdaten von Sauerstoff-Selbst-Rettern<\/strong><\/li><\/ul>\n\n\n\n<p><\/p>\n","protected":false},"excerpt":{"rendered":"<p>LabVIEW-Software zur Erneuerung von Pr\u00fcfpl\u00e4tzen zur Messung des Atemwiderstandes. LabVIEW-Software zur Erneuerung eines Pr\u00fcfplatzes zur Messung der Leistungsdaten von Filter-Selbst-Rettern. LabVIEW-Software zur Erneuerung eines Pr\u00fcfplatzes zur Messung der Gassignale von Sensoren. LabVIEW-Software zur Erneuerung eines Pr\u00fcfplatzes zur Messung der Leistungsdaten von Sauerstoff-Selbst-Rettern<\/p>\n","protected":false},"author":1,"featured_media":0,"parent":17,"menu_order":2,"comment_status":"closed","ping_status":"closed","template":"","meta":{"ngg_post_thumbnail":0,"footnotes":""},"class_list":["post-193","page","type-page","status-publish","hentry"],"_links":{"self":[{"href":"http:\/\/www.emil-schnell.de\/blog\/index.php?rest_route=\/wp\/v2\/pages\/193","targetHints":{"allow":["GET"]}}],"collection":[{"href":"http:\/\/www.emil-schnell.de\/blog\/index.php?rest_route=\/wp\/v2\/pages"}],"about":[{"href":"http:\/\/www.emil-schnell.de\/blog\/index.php?rest_route=\/wp\/v2\/types\/page"}],"author":[{"embeddable":true,"href":"http:\/\/www.emil-schnell.de\/blog\/index.php?rest_route=\/wp\/v2\/users\/1"}],"replies":[{"embeddable":true,"href":"http:\/\/www.emil-schnell.de\/blog\/index.php?rest_route=%2Fwp%2Fv2%2Fcomments&post=193"}],"version-history":[{"count":9,"href":"http:\/\/www.emil-schnell.de\/blog\/index.php?rest_route=\/wp\/v2\/pages\/193\/revisions"}],"predecessor-version":[{"id":205,"href":"http:\/\/www.emil-schnell.de\/blog\/index.php?rest_route=\/wp\/v2\/pages\/193\/revisions\/205"}],"up":[{"embeddable":true,"href":"http:\/\/www.emil-schnell.de\/blog\/index.php?rest_route=\/wp\/v2\/pages\/17"}],"wp:attachment":[{"href":"http:\/\/www.emil-schnell.de\/blog\/index.php?rest_route=%2Fwp%2Fv2%2Fmedia&parent=193"}],"curies":[{"name":"wp","href":"https:\/\/api.w.org\/{rel}","templated":true}]}}