{"id":18,"date":"2008-03-18T20:53:04","date_gmt":"2008-03-18T19:53:04","guid":{"rendered":"http:\/\/www.emil-schnell.de\/blog\/?page_id=18"},"modified":"2013-11-30T10:29:19","modified_gmt":"2013-11-30T09:29:19","slug":"impressum","status":"publish","type":"page","link":"http:\/\/www.emil-schnell.de\/blog\/?page_id=18","title":{"rendered":"Impressum"},"content":{"rendered":"<p align=\"center\">AutoMessTec<\/p>\n<p align=\"center\">Dr. Emil Schnell<\/p>\n<p align=\"center\">Ungerstra\u00dfe 32<\/p>\n<p align=\"center\">14471 Potsdam<\/p>\n<p align=\"center\">Telefon: 0331-903686 Telefax: 0331-95130240<\/p>\n<p align=\"center\">Email: AutoMessTec@emil-schnell.de<\/p>\n<p align=\"center\">Internet: <a href=\"http:\/\/www.emil-schnell.de\/blog\">www.emil-schnell.de\/blog<\/a> oder\u00a0<a href=\"http:\/\/www.automesstec.de\/\">www.automesstec.de<\/a><\/p>\n<p align=\"center\">Inhaltlich Verantwortlicher gem\u00e4\u00df \u00a7 6 MDStV: Dr. Emil Schnell<\/p>\n<p align=\"center\">Steuernummer: 046\/270\/00192<\/p>\n<p align=\"center\">Umsatzsteuer-ID: DE223321249<\/p>\n<p align=\"center\">Haftungshinweis: Trotz sorgf\u00e4ltiger inhaltlicher Kontrolle \u00fcbernehmen wir keine Haftung f\u00fcr die Inhalte externer Links. F\u00fcr den Inhalt der verlinkten Seiten sind ausschlie\u00dflich deren Betreiber verantwortlich.<\/p>\n","protected":false},"excerpt":{"rendered":"<p>AutoMessTec Dr. Emil Schnell Ungerstra\u00dfe 32 14471 Potsdam Telefon: 0331-903686 Telefax: 0331-95130240 Email: AutoMessTec@emil-schnell.de Internet: www.emil-schnell.de\/blog oder\u00a0www.automesstec.de Inhaltlich Verantwortlicher gem\u00e4\u00df \u00a7 6 MDStV: Dr. Emil Schnell Steuernummer: 046\/270\/00192 Umsatzsteuer-ID: DE223321249 Haftungshinweis: Trotz sorgf\u00e4ltiger inhaltlicher Kontrolle \u00fcbernehmen wir keine Haftung f\u00fcr die Inhalte externer Links. F\u00fcr den Inhalt der verlinkten Seiten sind ausschlie\u00dflich deren Betreiber verantwortlich.<\/p>\n","protected":false},"author":1,"featured_media":0,"parent":0,"menu_order":20,"comment_status":"closed","ping_status":"closed","template":"","meta":{"ngg_post_thumbnail":0,"footnotes":""},"class_list":["post-18","page","type-page","status-publish","hentry"],"_links":{"self":[{"href":"http:\/\/www.emil-schnell.de\/blog\/index.php?rest_route=\/wp\/v2\/pages\/18","targetHints":{"allow":["GET"]}}],"collection":[{"href":"http:\/\/www.emil-schnell.de\/blog\/index.php?rest_route=\/wp\/v2\/pages"}],"about":[{"href":"http:\/\/www.emil-schnell.de\/blog\/index.php?rest_route=\/wp\/v2\/types\/page"}],"author":[{"embeddable":true,"href":"http:\/\/www.emil-schnell.de\/blog\/index.php?rest_route=\/wp\/v2\/users\/1"}],"replies":[{"embeddable":true,"href":"http:\/\/www.emil-schnell.de\/blog\/index.php?rest_route=%2Fwp%2Fv2%2Fcomments&post=18"}],"version-history":[{"count":0,"href":"http:\/\/www.emil-schnell.de\/blog\/index.php?rest_route=\/wp\/v2\/pages\/18\/revisions"}],"wp:attachment":[{"href":"http:\/\/www.emil-schnell.de\/blog\/index.php?rest_route=%2Fwp%2Fv2%2Fmedia&parent=18"}],"curies":[{"name":"wp","href":"https:\/\/api.w.org\/{rel}","templated":true}]}}