{"id":14,"date":"2008-03-18T19:41:07","date_gmt":"2008-03-18T18:41:07","guid":{"rendered":"http:\/\/www.emil-schnell.de\/blog\/?page_id=14"},"modified":"2017-02-20T14:31:38","modified_gmt":"2017-02-20T13:31:38","slug":"projekte-2005","status":"publish","type":"page","link":"http:\/\/www.emil-schnell.de\/blog\/?page_id=14","title":{"rendered":"2005"},"content":{"rendered":"<h4>1. Aufbau eines Laminierautomaten. <a href=\"?page_id=24\">&#8230;mehr<\/a><\/h4>\n<h4>2. Entwicklung von LabVIEW-Treiber-Software f\u00fcr Schrittmotorsysteme: KOSY2-LabVIEW-Toolkit 1.0. <a href=\"?page_id=25\">&#8230;mehr<\/a><\/h4>\n<h4>3. Messwerterfassungssystem und Auswertesoftware f\u00fcr die Pr\u00fcfmaschinen: EU-100, ZD-10\/90 und FP-10. <a href=\"?page_id=26\">&#8230;mehr<\/a><\/h4>\n<h4>4. Realisierung eines DMFC-Messpaltzes (Methanol-Brennstoffzellen-Messplatz). <a href=\"?page_id=27\">&#8230;mehr<\/a><\/h4>\n<h4>&nbsp;<\/h4>\n","protected":false},"excerpt":{"rendered":"<p>1. Aufbau eines Laminierautomaten. &#8230;mehr 2. Entwicklung von LabVIEW-Treiber-Software f\u00fcr Schrittmotorsysteme: KOSY2-LabVIEW-Toolkit 1.0. &#8230;mehr 3. Messwerterfassungssystem und Auswertesoftware f\u00fcr die Pr\u00fcfmaschinen: EU-100, ZD-10\/90 und FP-10. &#8230;mehr 4. Realisierung eines DMFC-Messpaltzes (Methanol-Brennstoffzellen-Messplatz). &#8230;mehr &nbsp;<\/p>\n","protected":false},"author":1,"featured_media":0,"parent":17,"menu_order":16,"comment_status":"closed","ping_status":"closed","template":"","meta":{"ngg_post_thumbnail":0,"footnotes":""},"class_list":["post-14","page","type-page","status-publish","hentry"],"_links":{"self":[{"href":"http:\/\/www.emil-schnell.de\/blog\/index.php?rest_route=\/wp\/v2\/pages\/14","targetHints":{"allow":["GET"]}}],"collection":[{"href":"http:\/\/www.emil-schnell.de\/blog\/index.php?rest_route=\/wp\/v2\/pages"}],"about":[{"href":"http:\/\/www.emil-schnell.de\/blog\/index.php?rest_route=\/wp\/v2\/types\/page"}],"author":[{"embeddable":true,"href":"http:\/\/www.emil-schnell.de\/blog\/index.php?rest_route=\/wp\/v2\/users\/1"}],"replies":[{"embeddable":true,"href":"http:\/\/www.emil-schnell.de\/blog\/index.php?rest_route=%2Fwp%2Fv2%2Fcomments&post=14"}],"version-history":[{"count":1,"href":"http:\/\/www.emil-schnell.de\/blog\/index.php?rest_route=\/wp\/v2\/pages\/14\/revisions"}],"predecessor-version":[{"id":120,"href":"http:\/\/www.emil-schnell.de\/blog\/index.php?rest_route=\/wp\/v2\/pages\/14\/revisions\/120"}],"up":[{"embeddable":true,"href":"http:\/\/www.emil-schnell.de\/blog\/index.php?rest_route=\/wp\/v2\/pages\/17"}],"wp:attachment":[{"href":"http:\/\/www.emil-schnell.de\/blog\/index.php?rest_route=%2Fwp%2Fv2%2Fmedia&parent=14"}],"curies":[{"name":"wp","href":"https:\/\/api.w.org\/{rel}","templated":true}]}}