{"id":114,"date":"2017-02-18T13:46:53","date_gmt":"2017-02-18T12:46:53","guid":{"rendered":"http:\/\/www.emil-schnell.de\/blog\/?page_id=114"},"modified":"2021-02-01T13:59:54","modified_gmt":"2021-02-01T12:59:54","slug":"201720182019-2","status":"publish","type":"page","link":"http:\/\/www.emil-schnell.de\/blog\/?page_id=114","title":{"rendered":"2017\/2018\/2019"},"content":{"rendered":"<ul>\n<li><strong>LabVIEW-Filter-Pr\u00fcfplatz f\u00fcr die Funktionspr\u00fcfung von Atemfiltern<br \/>\n<\/strong><\/li>\n<li><b>LabVIEW-3-fach-Dichtigkeits-Pr\u00fcfplatz<\/b><\/li>\n<li><b>LabVIEW-Software f\u00fcr 4 weitere Pr\u00fcfpl\u00e4tze (Lungenautomaten, Beutel, Filter, Gassensoren)<\/b><\/li>\n<\/ul>\n","protected":false},"excerpt":{"rendered":"<p>LabVIEW-Filter-Pr\u00fcfplatz f\u00fcr die Funktionspr\u00fcfung von Atemfiltern LabVIEW-3-fach-Dichtigkeits-Pr\u00fcfplatz LabVIEW-Software f\u00fcr 4 weitere Pr\u00fcfpl\u00e4tze (Lungenautomaten, Beutel, Filter, Gassensoren)<\/p>\n","protected":false},"author":1,"featured_media":0,"parent":17,"menu_order":3,"comment_status":"closed","ping_status":"closed","template":"","meta":{"ngg_post_thumbnail":0,"footnotes":""},"class_list":["post-114","page","type-page","status-publish","hentry"],"_links":{"self":[{"href":"http:\/\/www.emil-schnell.de\/blog\/index.php?rest_route=\/wp\/v2\/pages\/114","targetHints":{"allow":["GET"]}}],"collection":[{"href":"http:\/\/www.emil-schnell.de\/blog\/index.php?rest_route=\/wp\/v2\/pages"}],"about":[{"href":"http:\/\/www.emil-schnell.de\/blog\/index.php?rest_route=\/wp\/v2\/types\/page"}],"author":[{"embeddable":true,"href":"http:\/\/www.emil-schnell.de\/blog\/index.php?rest_route=\/wp\/v2\/users\/1"}],"replies":[{"embeddable":true,"href":"http:\/\/www.emil-schnell.de\/blog\/index.php?rest_route=%2Fwp%2Fv2%2Fcomments&post=114"}],"version-history":[{"count":5,"href":"http:\/\/www.emil-schnell.de\/blog\/index.php?rest_route=\/wp\/v2\/pages\/114\/revisions"}],"predecessor-version":[{"id":191,"href":"http:\/\/www.emil-schnell.de\/blog\/index.php?rest_route=\/wp\/v2\/pages\/114\/revisions\/191"}],"up":[{"embeddable":true,"href":"http:\/\/www.emil-schnell.de\/blog\/index.php?rest_route=\/wp\/v2\/pages\/17"}],"wp:attachment":[{"href":"http:\/\/www.emil-schnell.de\/blog\/index.php?rest_route=%2Fwp%2Fv2%2Fmedia&parent=114"}],"curies":[{"name":"wp","href":"https:\/\/api.w.org\/{rel}","templated":true}]}}